{"id":1071,"date":"2015-02-10T19:21:34","date_gmt":"2015-02-10T19:21:34","guid":{"rendered":"http:\/\/www.cwl.lu\/de\/services\/"},"modified":"2022-09-29T09:10:47","modified_gmt":"2022-09-29T07:10:47","slug":"services","status":"publish","type":"page","link":"https:\/\/www.cwl.lu\/de\/services\/","title":{"rendered":"Wein, Champagne, Spirituosen und Aperitif"},"content":{"rendered":"<p><div class=\"fusion-fullwidth fullwidth-box fusion-builder-row-1 nonhundred-percent-fullwidth non-hundred-percent-height-scrolling\" style=\"background-color: rgba(255,255,255,0);background-position: left top;background-repeat: no-repeat;padding-top:150px;padding-right:0px;padding-bottom:150px;padding-left:0px;margin-bottom: 0px;margin-top: 0px;border-width: 0px 0px 0px 0px;border-color:#eae9e9;border-style:solid;\" id=\"CONSTITUTION\" ><div class=\"fusion-builder-row fusion-row\"><div class=\"fusion-layout-column fusion_builder_column fusion-builder-column-0 fusion_builder_column_1_2 1_2 fusion-one-half fusion-column-first\" style=\"width:48%; margin-right: 4%;margin-top:0px;margin-bottom:20px;\"><div class=\"fusion-column-wrapper fusion-flex-column-wrapper-legacy\" style=\"background-position:left top;background-repeat:no-repeat;-webkit-background-size:cover;-moz-background-size:cover;-o-background-size:cover;background-size:cover;padding: 0px 0px 0px 0px;\"><div class=\"fusion-text fusion-text-1\"><h2>WEIN, CHAMPAGNER, SPRIRITUOSEN UND APERITIF<\/h2>\n<\/div><div class=\"fusion-sep-clear\"><\/div><div class=\"fusion-separator fusion-clearfix\" style=\"float:left;margin-top:0px;margin-bottom:35px;width:100%;max-width:170px;\"><div class=\"fusion-separator-border sep-single sep-solid\" style=\"border-color:#e2e3e8;border-top-width:3px;\"><\/div><\/div><div class=\"fusion-sep-clear\"><\/div><div class=\"fusion-text fusion-text-2\"><h3><em>Sie m\u00f6chten :<\/em><\/h3>\n<ul>\n<li>Ihre Export-Aktivit\u00e4ten ausbauen <\/li>\n<li>Einen neuen Gesch\u00e4ftsplan, ein neues Konzept oder einen Haushaltsvoranschlag f\u00fcr neue Export-M\u00e4rkte entwickeln <\/li>\n<li>Neue Absatzm\u00e4rkte f\u00fcr Ihre Erzeugnisse ausfindig machen<\/li>\n<li>Eine neue Wein, Champagner, Spirituosen und Aperitif-Karte f\u00fcr Ihr Haus oder Ihr Unternehmen erstellen<\/li>\n<li>Im Bereich Ihrer Wein-Karte eine professionelle und fundierte Beratung erhalten<\/li>\n<\/ul>\n<\/div><div class=\"fusion-clearfix\"><\/div><\/div><\/div><div class=\"fusion-layout-column fusion_builder_column fusion-builder-column-1 fusion_builder_column_1_2 1_2 fusion-one-half fusion-column-last\" style=\"width:48%;margin-top:0px;margin-bottom:20px;\"><div class=\"fusion-column-wrapper fusion-flex-column-wrapper-legacy\" style=\"background-position:left top;background-repeat:no-repeat;-webkit-background-size:cover;-moz-background-size:cover;-o-background-size:cover;background-size:cover;padding: 0px 0px 0px 0px;\"><span class=\" fusion-imageframe imageframe-none imageframe-1 hover-type-zoomin fusion-animated\" data-animationType=\"fadeInDown\" data-animationDuration=\"1\" data-animationOffset=\"top-into-view\"><a href=\"http:\/\/www.cwl.lu\/wp-content\/uploads\/2015\/02\/cwl-content-services1-1.jpg\" class=\"fusion-lightbox\" data-rel=\"iLightbox[3a84605c42cf8b4e09e]\"><img decoding=\"async\" src=\"http:\/\/www.cwl.lu\/wp-content\/uploads\/2015\/02\/cwl-content-services1-1.jpg\" alt class=\"img-responsive\"\/><\/a><\/span><div class=\"fusion-sep-clear\"><\/div><div class=\"fusion-separator fusion-full-width-sep\" style=\"margin-left: auto;margin-right: auto;margin-top:50px;margin-bottom:20px;width:100%;\"><\/div><div class=\"fusion-sep-clear\"><\/div><div class=\"fusion-text fusion-text-3\"><h3><em>Unsere Verpflichtungen :<\/em><\/h3>\n<ul>\n<li>Wir unterbreiten Ihnen eine professionelle Expertise<\/li>\n<li>Wir stellen unsere Erfahrung in Ihre Dienste und betreuen Ihre gesamten Unternehmungen<\/li>\n<li>Wir begleiten Ihre neue Marktpr\u00e4senz von A bis Z<\/li>\n<li>Wir stellen Ihnen unser multikulturelles Know-how zur Verf\u00fcgung<\/li>\n<\/ul>\n<\/div><div class=\"fusion-clearfix\"><\/div><\/div><\/div><\/div><\/div><div class=\"fusion-bg-parallax\" data-bg-align=\"left top\" data-direction=\"left\" data-mute=\"false\" data-opacity=\"100\" data-velocity=\"-0.3\" data-mobile-enabled=\"false\" data-break_parents=\"0\" data-bg-image=\"http:\/\/www.cwl.lu\/wp-content\/uploads\/2016\/05\/cwl-content-services-bg1.jpg\" data-bg-repeat=\"false\" ><\/div><div class=\"fusion-fullwidth fullwidth-box fusion-builder-row-2 fusion-parallax-left nonhundred-percent-fullwidth non-hundred-percent-height-scrolling\" style=\"background-color: rgba(255,255,255,0);background-image: url(&quot;http:\/\/www.cwl.lu\/wp-content\/uploads\/2016\/05\/cwl-content-services-bg1.jpg&quot;);background-position: left top;background-repeat: no-repeat;padding-top:130px;padding-right:0px;padding-bottom:120px;padding-left:0px;margin-bottom: 0px;margin-top: 0px;border-width: 0px 0px 0px 0px;border-color:#eae9e9;border-style:solid;-webkit-background-size:cover;-moz-background-size:cover;-o-background-size:cover;background-size:cover;\" id=\"BOOK\" ><div class=\"fusion-builder-row fusion-row\"><div class=\"fusion-layout-column fusion_builder_column fusion-builder-column-2 fusion_builder_column_1_1 1_1 fusion-one-full fusion-column-first fusion-column-last\" style=\"margin-top:0px;margin-bottom:20px;\"><div class=\"fusion-column-wrapper fusion-flex-column-wrapper-legacy\" style=\"background-position:left top;background-repeat:no-repeat;-webkit-background-size:cover;-moz-background-size:cover;-o-background-size:cover;background-size:cover;padding: 0px 0px 0px 0px;\"><div class=\"fusion-text fusion-text-4\"><h2><span style=\"color: #ffffff;\">UNSERE DIENSTLEISTUNGEN :<\/span><\/h2>\n<\/div><div class=\"fusion-clearfix\"><\/div><\/div><\/div><div class=\"fusion-layout-column fusion_builder_column fusion-builder-column-3 fusion_builder_column_1_2 1_2 fusion-one-half fusion-column-first\" style=\"width:48%; margin-right: 4%;margin-top:0px;margin-bottom:20px;\"><div class=\"fusion-column-wrapper fusion-flex-column-wrapper-legacy\" style=\"background-position:left top;background-repeat:no-repeat;-webkit-background-size:cover;-moz-background-size:cover;-o-background-size:cover;background-size:cover;padding: 0px 0px 0px 0px;\"><div class=\"fusion-text fusion-text-5\"><ul>\n<li><span style=\"color: #ffffff;\">Wir arbeiten gemeinsam einen systematischen und zweckm\u00e4\u00dfigen Leistungskatalog aus, den wir dann f\u00fcr Sie in die Tat umsetzen <\/span><\/li>\n<li><span style=\"color: #ffffff;\">Wir analysieren gemeinsam die vollst\u00e4ndigen Daten Ihres anstehenden Projektes<br \/>\n<\/span><\/li>\n<li><span style=\"color: #ffffff;\">Wir unterbreiten Ihnen effektive Empfehlungen zur dauerhaften Entwicklung Ihrer Unternehmungen und stellen f\u00fcr Sie auch angemessene Verbindungen zu zuk\u00fcnftigen potenziellen Handelspartnern her<\/span><\/li>\n<li><span style=\"color: #ffffff;\">Wir entwickeln f\u00fcr Sie langfristige und umsatztr\u00e4chtige Handelskooperationen<\/span><\/li>\n<li><span style=\"color: #ffffff;\">Wir betreuen Ihr Produktsortiment und stehen Ihnen beratend zur Seite um Ihre Erzeugnisse auf diesen neuen M\u00e4rkten verkehrsf\u00e4hig zu machen<\/span><\/li>\n<li><span style=\"color: #ffffff;\">Wir w\u00e4hlen gemeinsam mit Ihnen die verschiedenen unternehmerischen Werkzeuge aus um eine erfolgreiche Vorgehensweise auf Ihren neuen Export-M\u00e4rkten zu garantieren<\/span><\/li>\n<li><span style=\"color: #ffffff;\">Wir unterst\u00fctzen Sie tatkr\u00e4ftig in der kommerziellen und logistischen Abwicklung Ihrer neuen Export-Aktivit\u00e4ten<\/span><\/li>\n<\/ul>\n<\/div><div class=\"fusion-clearfix\"><\/div><\/div><\/div><div class=\"fusion-layout-column fusion_builder_column fusion-builder-column-4 fusion_builder_column_1_2 1_2 fusion-one-half fusion-column-last\" style=\"width:48%;margin-top:0px;margin-bottom:20px;\"><div class=\"fusion-column-wrapper fusion-flex-column-wrapper-legacy\" style=\"background-position:left top;background-repeat:no-repeat;-webkit-background-size:cover;-moz-background-size:cover;-o-background-size:cover;background-size:cover;padding: 0px 0px 0px 0px;\"><div class=\"fusion-sep-clear\"><\/div><div class=\"fusion-separator fusion-full-width-sep\" style=\"margin-left: auto;margin-right: auto;width:100%;\"><\/div><div class=\"fusion-sep-clear\"><\/div><div class=\"fusion-text fusion-text-6\"><ul>\n<li><span style=\"color: #ffffff;\">Wir unterbreiten Ihnen laufend alle wichtigen Informationen um Ihr Sortiment und Ihre Produkte an die gew\u00e4hlten Wirtschaftsm\u00e4rkte anzupassen<\/span><\/li>\n<li><span style=\"color: #ffffff;\">Wir erschaffen gemeinsam die Basis f\u00fcr Ihren zuk\u00fcnftigen Erfolg<\/span><\/li>\n<li><span style=\"color: #ffffff;\">Um Ihre wirtschaftlichen Interessen auf diesen neuen Absatzm\u00e4rkten zu vertreten, k\u00f6nnen Sie auf folgende Sprachkenntnisse vertrauen :<\/span><\/li>\n<li><span style=\"color: #ffffff;\">Franz\u00f6sisch, Deutsch, Englisch, Aserbaidschanisch, Russisch, T\u00fcrkisch<\/span><\/li>\n<\/ul>\n<\/div><div class=\"fusion-clearfix\"><\/div><\/div><\/div><\/div><\/div><div class=\"fusion-fullwidth fullwidth-box fusion-builder-row-3 nonhundred-percent-fullwidth non-hundred-percent-height-scrolling\" style=\"background-color: rgba(255,255,255,0);background-position: left top;background-repeat: no-repeat;padding-top:150px;padding-right:0px;padding-bottom:150px;padding-left:0px;margin-bottom: 0px;margin-top: 0px;border-width: 0px 0px 0px 0px;border-color:#eae9e9;border-style:solid;\" id=\"ADMIN\" ><div class=\"fusion-builder-row fusion-row\"><div class=\"fusion-layout-column fusion_builder_column fusion-builder-column-5 fusion_builder_column_1_2 1_2 fusion-one-half fusion-column-first\" style=\"width:48%; margin-right: 4%;margin-top:0px;margin-bottom:20px;\"><div class=\"fusion-column-wrapper fusion-flex-column-wrapper-legacy\" style=\"background-position:left top;background-repeat:no-repeat;-webkit-background-size:cover;-moz-background-size:cover;-o-background-size:cover;background-size:cover;padding: 0px 0px 0px 0px;\"><div class=\"fusion-text fusion-text-7\"><h3><em>Unsere St\u00e4rke ist es auf diesen zuk\u00fcnftigen M\u00e4rkten die entsprechenden Handelspartner f\u00fcr Sie und Ihre Projekte ausfindig zu machen.<\/em><\/h3>\n<h3><em>Wir werden gemeinsam erfolgreiche und rentable Kooperationen erschaffen.<\/em><\/h3>\n<h3><em>Unsere fundierte Betreuung wird Sie zum sicheren Erfolg f\u00fchren !<\/em><\/h3>\n<\/div><div class=\"fusion-clearfix\"><\/div><\/div><\/div><div class=\"fusion-layout-column fusion_builder_column fusion-builder-column-6 fusion_builder_column_1_2 1_2 fusion-one-half fusion-column-last\" style=\"width:48%;margin-top:0px;margin-bottom:20px;\"><div class=\"fusion-column-wrapper fusion-flex-column-wrapper-legacy\" style=\"background-position:left top;background-repeat:no-repeat;-webkit-background-size:cover;-moz-background-size:cover;-o-background-size:cover;background-size:cover;padding: 0px 0px 0px 0px;\"><span class=\" fusion-imageframe imageframe-none imageframe-2 hover-type-zoomin fusion-animated\" data-animationType=\"fadeInDown\" data-animationDuration=\"1\" data-animationOffset=\"top-into-view\"><a href=\"http:\/\/www.cwl.lu\/wp-content\/uploads\/2015\/02\/cwl-content-services2.jpg\" class=\"fusion-lightbox\" data-rel=\"iLightbox[c50836a8e803aad07a0]\"><img decoding=\"async\" src=\"http:\/\/www.cwl.lu\/wp-content\/uploads\/2015\/02\/cwl-content-services2.jpg\" alt class=\"img-responsive\"\/><\/a><\/span><div class=\"fusion-clearfix\"><\/div><\/div><\/div><\/div><\/div><\/p>\n","protected":false},"excerpt":{"rendered":"","protected":false},"author":1,"featured_media":0,"parent":0,"menu_order":0,"comment_status":"closed","ping_status":"closed","template":"100-width.php","meta":{"inline_featured_image":false,"footnotes":""},"class_list":["post-1071","page","type-page","status-publish","hentry"],"yoast_head":"<!-- This site is optimized with the Yoast SEO plugin v25.5 - https:\/\/yoast.com\/wordpress\/plugins\/seo\/ -->\n<title>Wein, Champagne, Spirituosen und Aperitif - CWL S.\u00e0.r.l.<\/title>\n<meta name=\"robots\" content=\"index, follow, max-snippet:-1, max-image-preview:large, max-video-preview:-1\" \/>\n<link rel=\"canonical\" href=\"https:\/\/www.cwl.lu\/de\/services\/\" \/>\n<meta property=\"og:locale\" content=\"de_DE\" \/>\n<meta property=\"og:type\" content=\"article\" \/>\n<meta property=\"og:title\" content=\"Wein, Champagne, Spirituosen und Aperitif - CWL S.\u00e0.r.l.\" \/>\n<meta property=\"og:url\" content=\"https:\/\/www.cwl.lu\/de\/services\/\" \/>\n<meta property=\"og:site_name\" content=\"CWL S.\u00e0.r.l.\" \/>\n<meta property=\"article:modified_time\" content=\"2022-09-29T07:10:47+00:00\" \/>\n<meta property=\"og:image\" content=\"http:\/\/www.cwl.lu\/wp-content\/uploads\/2015\/02\/cwl-content-services1-1.jpg\" \/>\n<meta name=\"twitter:card\" content=\"summary_large_image\" \/>\n<meta name=\"twitter:label1\" content=\"Gesch\u00e4tzte Lesezeit\" \/>\n\t<meta name=\"twitter:data1\" content=\"6\u00a0Minuten\" \/>\n<script type=\"application\/ld+json\" class=\"yoast-schema-graph\">{\"@context\":\"https:\/\/schema.org\",\"@graph\":[{\"@type\":\"WebPage\",\"@id\":\"https:\/\/www.cwl.lu\/de\/services\/\",\"url\":\"https:\/\/www.cwl.lu\/de\/services\/\",\"name\":\"Wein, Champagne, Spirituosen und Aperitif - CWL S.\u00e0.r.l.\",\"isPartOf\":{\"@id\":\"https:\/\/www.cwl.lu\/#website\"},\"primaryImageOfPage\":{\"@id\":\"https:\/\/www.cwl.lu\/de\/services\/#primaryimage\"},\"image\":{\"@id\":\"https:\/\/www.cwl.lu\/de\/services\/#primaryimage\"},\"thumbnailUrl\":\"http:\/\/www.cwl.lu\/wp-content\/uploads\/2015\/02\/cwl-content-services1-1.jpg\",\"datePublished\":\"2015-02-10T19:21:34+00:00\",\"dateModified\":\"2022-09-29T07:10:47+00:00\",\"breadcrumb\":{\"@id\":\"https:\/\/www.cwl.lu\/de\/services\/#breadcrumb\"},\"inLanguage\":\"de\",\"potentialAction\":[{\"@type\":\"ReadAction\",\"target\":[\"https:\/\/www.cwl.lu\/de\/services\/\"]}]},{\"@type\":\"ImageObject\",\"inLanguage\":\"de\",\"@id\":\"https:\/\/www.cwl.lu\/de\/services\/#primaryimage\",\"url\":\"http:\/\/www.cwl.lu\/wp-content\/uploads\/2015\/02\/cwl-content-services1-1.jpg\",\"contentUrl\":\"http:\/\/www.cwl.lu\/wp-content\/uploads\/2015\/02\/cwl-content-services1-1.jpg\"},{\"@type\":\"BreadcrumbList\",\"@id\":\"https:\/\/www.cwl.lu\/de\/services\/#breadcrumb\",\"itemListElement\":[{\"@type\":\"ListItem\",\"position\":1,\"name\":\"Startseite\",\"item\":\"https:\/\/www.cwl.lu\/de\/\"},{\"@type\":\"ListItem\",\"position\":2,\"name\":\"Wein, Champagne, Spirituosen und Aperitif\"}]},{\"@type\":\"WebSite\",\"@id\":\"https:\/\/www.cwl.lu\/#website\",\"url\":\"https:\/\/www.cwl.lu\/\",\"name\":\"CWL S.\u00e0.r.l.\",\"description\":\"We open the gateways to new markets for you\",\"potentialAction\":[{\"@type\":\"SearchAction\",\"target\":{\"@type\":\"EntryPoint\",\"urlTemplate\":\"https:\/\/www.cwl.lu\/?s={search_term_string}\"},\"query-input\":{\"@type\":\"PropertyValueSpecification\",\"valueRequired\":true,\"valueName\":\"search_term_string\"}}],\"inLanguage\":\"de\"}]}<\/script>\n<!-- \/ Yoast SEO plugin. -->","yoast_head_json":{"title":"Wein, Champagne, Spirituosen und Aperitif - CWL S.\u00e0.r.l.","robots":{"index":"index","follow":"follow","max-snippet":"max-snippet:-1","max-image-preview":"max-image-preview:large","max-video-preview":"max-video-preview:-1"},"canonical":"https:\/\/www.cwl.lu\/de\/services\/","og_locale":"de_DE","og_type":"article","og_title":"Wein, Champagne, Spirituosen und Aperitif - CWL S.\u00e0.r.l.","og_url":"https:\/\/www.cwl.lu\/de\/services\/","og_site_name":"CWL S.\u00e0.r.l.","article_modified_time":"2022-09-29T07:10:47+00:00","og_image":[{"url":"http:\/\/www.cwl.lu\/wp-content\/uploads\/2015\/02\/cwl-content-services1-1.jpg","type":"","width":"","height":""}],"twitter_card":"summary_large_image","twitter_misc":{"Gesch\u00e4tzte Lesezeit":"6\u00a0Minuten"},"schema":{"@context":"https:\/\/schema.org","@graph":[{"@type":"WebPage","@id":"https:\/\/www.cwl.lu\/de\/services\/","url":"https:\/\/www.cwl.lu\/de\/services\/","name":"Wein, Champagne, Spirituosen und Aperitif - CWL S.\u00e0.r.l.","isPartOf":{"@id":"https:\/\/www.cwl.lu\/#website"},"primaryImageOfPage":{"@id":"https:\/\/www.cwl.lu\/de\/services\/#primaryimage"},"image":{"@id":"https:\/\/www.cwl.lu\/de\/services\/#primaryimage"},"thumbnailUrl":"http:\/\/www.cwl.lu\/wp-content\/uploads\/2015\/02\/cwl-content-services1-1.jpg","datePublished":"2015-02-10T19:21:34+00:00","dateModified":"2022-09-29T07:10:47+00:00","breadcrumb":{"@id":"https:\/\/www.cwl.lu\/de\/services\/#breadcrumb"},"inLanguage":"de","potentialAction":[{"@type":"ReadAction","target":["https:\/\/www.cwl.lu\/de\/services\/"]}]},{"@type":"ImageObject","inLanguage":"de","@id":"https:\/\/www.cwl.lu\/de\/services\/#primaryimage","url":"http:\/\/www.cwl.lu\/wp-content\/uploads\/2015\/02\/cwl-content-services1-1.jpg","contentUrl":"http:\/\/www.cwl.lu\/wp-content\/uploads\/2015\/02\/cwl-content-services1-1.jpg"},{"@type":"BreadcrumbList","@id":"https:\/\/www.cwl.lu\/de\/services\/#breadcrumb","itemListElement":[{"@type":"ListItem","position":1,"name":"Startseite","item":"https:\/\/www.cwl.lu\/de\/"},{"@type":"ListItem","position":2,"name":"Wein, Champagne, Spirituosen und Aperitif"}]},{"@type":"WebSite","@id":"https:\/\/www.cwl.lu\/#website","url":"https:\/\/www.cwl.lu\/","name":"CWL S.\u00e0.r.l.","description":"We open the gateways to new markets for you","potentialAction":[{"@type":"SearchAction","target":{"@type":"EntryPoint","urlTemplate":"https:\/\/www.cwl.lu\/?s={search_term_string}"},"query-input":{"@type":"PropertyValueSpecification","valueRequired":true,"valueName":"search_term_string"}}],"inLanguage":"de"}]}},"_links":{"self":[{"href":"https:\/\/www.cwl.lu\/de\/wp-json\/wp\/v2\/pages\/1071","targetHints":{"allow":["GET"]}}],"collection":[{"href":"https:\/\/www.cwl.lu\/de\/wp-json\/wp\/v2\/pages"}],"about":[{"href":"https:\/\/www.cwl.lu\/de\/wp-json\/wp\/v2\/types\/page"}],"author":[{"embeddable":true,"href":"https:\/\/www.cwl.lu\/de\/wp-json\/wp\/v2\/users\/1"}],"replies":[{"embeddable":true,"href":"https:\/\/www.cwl.lu\/de\/wp-json\/wp\/v2\/comments?post=1071"}],"version-history":[{"count":4,"href":"https:\/\/www.cwl.lu\/de\/wp-json\/wp\/v2\/pages\/1071\/revisions"}],"predecessor-version":[{"id":1183,"href":"https:\/\/www.cwl.lu\/de\/wp-json\/wp\/v2\/pages\/1071\/revisions\/1183"}],"wp:attachment":[{"href":"https:\/\/www.cwl.lu\/de\/wp-json\/wp\/v2\/media?parent=1071"}],"curies":[{"name":"wp","href":"https:\/\/api.w.org\/{rel}","templated":true}]}}