{"id":1088,"date":"2015-02-10T19:21:19","date_gmt":"2015-02-10T19:21:19","guid":{"rendered":"http:\/\/www.cwl.lu\/de\/a-notre-propos\/"},"modified":"2026-02-10T11:23:34","modified_gmt":"2026-02-10T10:23:34","slug":"a-notre-propos","status":"publish","type":"page","link":"https:\/\/www.cwl.lu\/de\/a-notre-propos\/","title":{"rendered":"Wir \u00fcber uns"},"content":{"rendered":"<p><div class=\"fusion-fullwidth fullwidth-box fusion-builder-row-1 nonhundred-percent-fullwidth non-hundred-percent-height-scrolling\" style=\"background-color: rgba(255,255,255,0);background-position: left top;background-repeat: no-repeat;padding-top:100px;padding-right:0px;padding-bottom:75px;padding-left:0px;margin-bottom: 0px;margin-top: 0px;border-width: 0px 0px 0px 0px;border-color:#eae9e9;border-style:solid;\" ><div class=\"fusion-builder-row fusion-row\"><div class=\"fusion-layout-column fusion_builder_column fusion-builder-column-0 fusion_builder_column_1_2 1_2 fusion-one-half fusion-column-first\" style=\"width:48%; margin-right: 4%;margin-top:80px;margin-bottom:20px;\"><div class=\"fusion-column-wrapper fusion-flex-column-wrapper-legacy\" style=\"background-position:left top;background-repeat:no-repeat;-webkit-background-size:cover;-moz-background-size:cover;-o-background-size:cover;background-size:cover;padding: 0px 0px 0px 0px;\"><div class=\"fusion-column-content-centered\"><div class=\"fusion-column-content\"><div class=\"fusion-text fusion-text-1\"><h3 class=\"apropos\"><em>Unser Unternehmen ist in Luxemburg angesiedelt.<\/em><\/h3>\n<\/div><div class=\"fusion-sep-clear\"><\/div><div class=\"fusion-separator fusion-full-width-sep\" style=\"margin-left: auto;margin-right: auto;margin-top:40px;width:100%;\"><\/div><div class=\"fusion-sep-clear\"><\/div><div class=\"fusion-text fusion-text-2\"><p>Luxemburg befindet sich durch seine geographisch Lage, strategisch im Mittelpunkt von Europa (Stra\u00dfen-Netz, Fluglinien und die N\u00e4he zu vielen der wichtigsten europ\u00e4ischen St\u00e4dten).<\/p>\n<p>Von hier aus m\u00f6chten wir Ihnen unsere Dienstleistungen anbieten :<\/p>\n<\/div><\/div><\/div><div class=\"fusion-clearfix\"><\/div><\/div><\/div><div class=\"fusion-layout-column fusion_builder_column fusion-builder-column-1 fusion_builder_column_1_2 1_2 fusion-one-half fusion-column-last\" style=\"width:48%;margin-top:0px;margin-bottom:20px;\"><div class=\"fusion-column-wrapper fusion-flex-column-wrapper-legacy\" style=\"background-position:left top;background-repeat:no-repeat;-webkit-background-size:cover;-moz-background-size:cover;-o-background-size:cover;background-size:cover;padding: 0px 0px 0px 0px;\"><span class=\" fusion-imageframe imageframe-none imageframe-1 hover-type-zoomin fusion-animated\" data-animationType=\"fadeInDown\" data-animationDuration=\"1\" data-animationOffset=\"top-into-view\"><a href=\"http:\/\/www.cwl.lu\/wp-content\/uploads\/2015\/02\/cwl-apropos-2.jpg\" class=\"fusion-lightbox\" data-rel=\"iLightbox[3733c138d8a10859b72]\"><img decoding=\"async\" src=\"http:\/\/www.cwl.lu\/wp-content\/uploads\/2015\/02\/cwl-apropos-2.jpg\" alt class=\"img-responsive\"\/><\/a><\/span><div class=\"fusion-clearfix\"><\/div><\/div><\/div><\/div><\/div><div class=\"fusion-fullwidth fullwidth-box fusion-builder-row-2 nonhundred-percent-fullwidth non-hundred-percent-height-scrolling\" style=\"background-color: #9d323c;background-position: left top;background-repeat: no-repeat;padding-top:55px;padding-right:0px;padding-bottom:0px;padding-left:0px;margin-bottom: 0px;margin-top: 0px;border-width: 0px 0px 0px 0px;border-color:#eae9e9;border-style:solid;\" ><div class=\"fusion-builder-row fusion-row\"><div class=\"fusion-layout-column fusion_builder_column fusion-builder-column-2 fusion_builder_column_1_3 1_3 fusion-one-third fusion-column-first\" style=\"width:30.6666%; margin-right: 4%;margin-top:0px;margin-bottom:20px;\"><div class=\"fusion-column-wrapper fusion-flex-column-wrapper-legacy\" style=\"background-position:left top;background-repeat:no-repeat;-webkit-background-size:cover;-moz-background-size:cover;-o-background-size:cover;background-size:cover;border-width: 0 0 0 0;border-color:#ffffff;border-style:solid;padding: 0px 0px 0px 0px;\"><div class=\"fusion-text fusion-text-3\"><h2><span style=\"color: #ffffff;\">DIENSTLEISTUNGEN<\/span><\/h2>\n<\/div><div class=\"fusion-clearfix\"><\/div><\/div><\/div><\/div><\/div><div class=\"fusion-fullwidth fullwidth-box fusion-builder-row-3 nonhundred-percent-fullwidth non-hundred-percent-height-scrolling\" style=\"background-color: rgba(255,255,255,0);background-position: left top;background-repeat: no-repeat;padding-top:150px;padding-right:0px;padding-bottom:150px;padding-left:0px;margin-bottom: 0px;margin-top: 0px;border-width: 0px 0px 0px 0px;border-color:#eae9e9;border-style:solid;\" ><div class=\"fusion-builder-row fusion-row\"><div class=\"fusion-layout-column fusion_builder_column fusion-builder-column-3 fusion_builder_column_1_2 1_2 fusion-one-half fusion-column-first\" style=\"width:48%; margin-right: 4%;margin-top:0px;margin-bottom:20px;\"><div class=\"fusion-column-wrapper fusion-flex-column-wrapper-legacy\" style=\"background-position:left top;background-repeat:no-repeat;-webkit-background-size:cover;-moz-background-size:cover;-o-background-size:cover;background-size:cover;padding: 0px 0px 0px 0px;\"><div class=\"fusion-text fusion-text-4\"><h3 class=\"apropos\"><em>Wirtschaftlich :<\/em><\/h3>\n<\/div><div class=\"fusion-text fusion-text-5\"><ul>\n<li>Unsere herausragenden Kenntnisse der deutschsprachigen M\u00e4rkte, sowie der unterschiedlichen Wirtschaftsm\u00e4rkte Ost-Europas, wie z.B. Russland oder Aserbaidschan\u2026<\/li>\n<li>Unsere ausf\u00fchrliche Kenntnis der internationalen Handelsnormen, die wir uns in der Praxis durch das langj\u00e4hrige F\u00fchren unserer Export-Handelsagentur erworben haben,<\/li>\n<li>Unsere weitreichende Erfahrung im Erstellen von hochwertigen Handelsabkommen im Bereich des Vertriebs, der Dienstleistungen und des Service,<\/li>\n<li>Unsere sprachlichen Kompetenzen in 6 unterschiedlichen Sprachen.<\/li>\n<\/ul>\n<\/div><div class=\"fusion-clearfix\"><\/div><\/div><\/div><div class=\"fusion-layout-column fusion_builder_column fusion-builder-column-4 fusion_builder_column_1_2 1_2 fusion-one-half fusion-column-last\" style=\"width:48%;margin-top:0px;margin-bottom:20px;\"><div class=\"fusion-column-wrapper fusion-flex-column-wrapper-legacy\" style=\"background-position:left top;background-repeat:no-repeat;-webkit-background-size:cover;-moz-background-size:cover;-o-background-size:cover;background-size:cover;padding: 0px 0px 0px 0px;\"><span class=\" fusion-imageframe imageframe-none imageframe-2 hover-type-zoomin fusion-animated\" data-animationType=\"fadeInDown\" data-animationDuration=\"1\" data-animationOffset=\"top-into-view\"><a href=\"http:\/\/www.cwl.lu\/wp-content\/uploads\/2015\/02\/cwl-apropos-3.jpg\" class=\"fusion-lightbox\" data-rel=\"iLightbox[aac6dcc7200aff53fd5]\"><img decoding=\"async\" src=\"http:\/\/www.cwl.lu\/wp-content\/uploads\/2015\/02\/cwl-apropos-3.jpg\" alt class=\"img-responsive\"\/><\/a><\/span><div class=\"fusion-clearfix\"><\/div><\/div><\/div><div class=\"fusion-layout-column fusion_builder_column fusion-builder-column-5 fusion_builder_column_1_2 1_2 fusion-one-half fusion-column-first\" style=\"width:48%; margin-right: 4%;margin-top:35px;margin-bottom:20px;\"><div class=\"fusion-column-wrapper fusion-flex-column-wrapper-legacy\" style=\"background-position:left top;background-repeat:no-repeat;-webkit-background-size:cover;-moz-background-size:cover;-o-background-size:cover;background-size:cover;padding: 0px 0px 0px 0px;\"><span class=\" fusion-imageframe imageframe-none imageframe-3 hover-type-zoomin fusion-animated\" data-animationType=\"fadeInDown\" data-animationDuration=\"1\" data-animationOffset=\"top-into-view\"><a href=\"http:\/\/www.cwl.lu\/wp-content\/uploads\/2015\/02\/cwl-apropos-4.jpg\" class=\"fusion-lightbox\" data-rel=\"iLightbox[202cec5a270fd29aeb4]\"><img decoding=\"async\" src=\"http:\/\/www.cwl.lu\/wp-content\/uploads\/2015\/02\/cwl-apropos-4.jpg\" alt class=\"img-responsive\"\/><\/a><\/span><div class=\"fusion-clearfix\"><\/div><\/div><\/div><div class=\"fusion-layout-column fusion_builder_column fusion-builder-column-6 fusion_builder_column_1_2 1_2 fusion-one-half fusion-column-last\" style=\"width:48%;margin-top:0px;margin-bottom:20px;\"><div class=\"fusion-column-wrapper fusion-flex-column-wrapper-legacy\" style=\"background-position:left top;background-repeat:no-repeat;-webkit-background-size:cover;-moz-background-size:cover;-o-background-size:cover;background-size:cover;padding: 0px 0px 0px 0px;\"><div class=\"fusion-text fusion-text-6\"><h3><em>Technisch :<\/em><\/h3>\n<\/div><div class=\"fusion-text fusion-text-7\"><ul>\n<li>Eine eklektische Ausbildung im Bereich der internationalen Weinkultur,<\/li>\n<li>Mehr als 20 Jahre Erfahrung im Bereich der Beratung der unterschiedlichen Hauptakteure des Import-Export, vieler Unternehmen, des nationalen und des internationalen Vertriebs, der Lebensmittel-Industrie, der Gastronomie und des Hotelfach (HORESCA),<\/li>\n<li>Langj\u00e4hrige Erfahrung und umfassende Kompetenzen im Gesch\u00e4ftsfeld der wirtschaftlichen, \u00f6konomischen und strategischen Beratung,<\/li>\n<li>Praktische und spezifische Erfahrung im Erschaffen, Entwickeln, Ausf\u00fchren und Betreuen von Wirtschaftsunternehmungen.<\/li>\n<\/ul>\n<\/div><div class=\"fusion-clearfix\"><\/div><\/div><\/div><div class=\"fusion-layout-column fusion_builder_column fusion-builder-column-7 fusion_builder_column_1_2 1_2 fusion-one-half fusion-column-first\" style=\"width:48%; margin-right: 4%;margin-top:0px;margin-bottom:20px;\"><div class=\"fusion-column-wrapper fusion-flex-column-wrapper-legacy\" style=\"background-position:left top;background-repeat:no-repeat;-webkit-background-size:cover;-moz-background-size:cover;-o-background-size:cover;background-size:cover;padding: 0px 0px 0px 0px;\"><div class=\"fusion-text fusion-text-8\"><h3><em>Menschlich :<\/em><\/h3>\n<\/div><div class=\"fusion-text fusion-text-9\"><ul>\n<li>Unser Know-how und unser Verst\u00e4ndnis in Bezug auf die besonderen Interessen und die vielseitigen Erwartungen von Unternehmern,<\/li>\n<li>Das Entwickeln und Ausf\u00fchren von erfolgreichen L\u00f6sungen, die sowohl die Bed\u00fcrfnisse der Kunden wie die der Handelspartner ber\u00fccksichtigen,<\/li>\n<li>Das Hervorheben von hohen ethischen Anspr\u00fcchen und das Einhalten von Verpflichtungen und Zusagen.<\/li>\n<\/ul>\n<\/div><div class=\"fusion-clearfix\"><\/div><\/div><\/div><div class=\"fusion-layout-column fusion_builder_column fusion-builder-column-8 fusion_builder_column_1_2 1_2 fusion-one-half fusion-column-last\" style=\"width:48%;margin-top:0px;margin-bottom:20px;\"><div class=\"fusion-column-wrapper fusion-flex-column-wrapper-legacy\" style=\"background-position:left top;background-repeat:no-repeat;-webkit-background-size:cover;-moz-background-size:cover;-o-background-size:cover;background-size:cover;padding: 0px 0px 0px 0px;\"><span class=\" fusion-imageframe imageframe-none imageframe-4 hover-type-zoomin fusion-animated\" data-animationType=\"fadeInDown\" data-animationDuration=\"1\" data-animationOffset=\"top-into-view\"><a href=\"http:\/\/www.cwl.lu\/wp-content\/uploads\/2015\/02\/cwl-apropos-7.jpg\" class=\"fusion-lightbox\" data-rel=\"iLightbox[48bbc5af495ef4d425f]\"><img decoding=\"async\" src=\"http:\/\/www.cwl.lu\/wp-content\/uploads\/2015\/02\/cwl-apropos-7.jpg\" alt class=\"img-responsive\"\/><\/a><\/span><div class=\"fusion-clearfix\"><\/div><\/div><\/div><\/div><\/div><div class=\"fusion-bg-parallax\" data-bg-align=\"left top\" data-direction=\"left\" data-mute=\"false\" data-opacity=\"100\" data-velocity=\"-0.3\" data-mobile-enabled=\"false\" data-break_parents=\"0\" data-bg-image=\"http:\/\/www.cwl.lu\/wp-content\/uploads\/2015\/02\/cwl-content-services-bg3.jpg\" data-bg-repeat=\"false\" ><\/div><div class=\"fusion-fullwidth fullwidth-box fusion-builder-row-4 fusion-parallax-left nonhundred-percent-fullwidth non-hundred-percent-height-scrolling fusion-equal-height-columns\" style=\"background-color: rgba(255,255,255,0);background-image: url(&quot;http:\/\/www.cwl.lu\/wp-content\/uploads\/2015\/02\/cwl-content-services-bg3.jpg&quot;);background-position: left top;background-repeat: no-repeat;padding-top:150px;padding-right:0px;padding-bottom:150px;padding-left:0px;margin-bottom: 0px;margin-top: 0px;border-width: 0px 0px 0px 0px;border-color:#eae9e9;border-style:solid;-webkit-background-size:cover;-moz-background-size:cover;-o-background-size:cover;background-size:cover;\" ><div class=\"fusion-builder-row fusion-row\"><div class=\"fusion-layout-column fusion_builder_column fusion-builder-column-9 fusion_builder_column_1_1 1_1 fusion-one-full fusion-column-first fusion-column-last\" style=\"margin-top:0px;margin-bottom:20px;\" id=\"nominheight\"><div class=\"fusion-column-wrapper fusion-flex-column-wrapper-legacy\" style=\"background-position:left top;background-repeat:no-repeat;-webkit-background-size:cover;-moz-background-size:cover;-o-background-size:cover;background-size:cover;padding: 0px 0px 0px 0px;\"><div class=\"fusion-text fusion-text-10\"><h2><span style=\"color: #ffffff; font-size: 40px;\">Wir sind bereit Ihnen die T\u00fcren zu neuen Wirtschaftsm\u00e4rkten zu \u00f6ffnen<\/span><\/h2>\n<\/div><div class=\"fusion-clearfix\"><\/div><\/div><\/div><div class=\"fusion-layout-column fusion_builder_column fusion-builder-column-10 fusion_builder_column_1_2 1_2 fusion-one-half fusion-column-first\" style=\"width:48%; margin-right: 4%;margin-top:0px;margin-bottom:20px;\"><div class=\"fusion-column-wrapper fusion-flex-column-wrapper-legacy\" style=\"background-position:left top;background-repeat:no-repeat;-webkit-background-size:cover;-moz-background-size:cover;-o-background-size:cover;background-size:cover;padding: 0px 0px 0px 0px;\"><div class=\"fusion-text fusion-text-11\"><p><span style=\"color: #ffffff;\">Um neue Ziele in Ihren Handelsunternehmungen zu erreichen, bieten wir Ihnen unsere Kompetenzen in folgenden Sprachen an :<br \/>\n&#8211; Franz\u00f6sisch,<br \/>\n&#8211; Deutsch,<br \/>\n&#8211; Englisch<\/span><\/p>\n<\/div><div class=\"fusion-clearfix\"><\/div><\/div><\/div><div class=\"fusion-layout-column fusion_builder_column fusion-builder-column-11 fusion_builder_column_1_2 1_2 fusion-one-half fusion-column-last\" style=\"width:48%;margin-top:0px;margin-bottom:20px;\"><div class=\"fusion-column-wrapper fusion-flex-column-wrapper-legacy\" style=\"background-position:left top;background-repeat:no-repeat;-webkit-background-size:cover;-moz-background-size:cover;-o-background-size:cover;background-size:cover;padding: 0px 0px 0px 0px;\"><div class=\"fusion-text fusion-text-12\"><p><span style=\"color: #ffffff;\">Unsere multikulturelle Ausrichtung garantiert Ihnen eine sorgf\u00e4ltige Vorgehensweise und eine angemessene Anpassung an die unterschiedlichen Vertriebsschienen dieser ausl\u00e4ndischen Wirtschaftsm\u00e4rkte und gerne erm\u00f6glichen wir es Ihnen, diese besonderen und unverkennbaren Vorteile zu Ihrem Vorteil zu nutzen.<\/span><\/p>\n<\/div><div class=\"fusion-clearfix\"><\/div><\/div><\/div><\/div><\/div><div class=\"fusion-fullwidth fullwidth-box fusion-builder-row-5 nonhundred-percent-fullwidth non-hundred-percent-height-scrolling\" style=\"background-color: rgba(255,255,255,0);background-position: left top;background-repeat: no-repeat;padding-top:150px;padding-right:0px;padding-bottom:150px;padding-left:0px;margin-bottom: 0px;margin-top: 0px;border-width: 0px 0px 0px 0px;border-color:#eae9e9;border-style:solid;\" ><div class=\"fusion-builder-row fusion-row\"><div class=\"fusion-layout-column fusion_builder_column fusion-builder-column-12 fusion_builder_column_1_2 1_2 fusion-one-half fusion-column-first\" style=\"width:48%; margin-right: 4%;margin-top:0px;margin-bottom:20px;\"><div class=\"fusion-column-wrapper fusion-flex-column-wrapper-legacy\" style=\"background-position:left top;background-repeat:no-repeat;-webkit-background-size:cover;-moz-background-size:cover;-o-background-size:cover;background-size:cover;padding: 0px 0px 0px 0px;\"><div class=\"fusion-text fusion-text-13\"><h3><em>Unsere St\u00e4rke ist es auf diesen zuk\u00fcnftigen M\u00e4rkten die entsprechenden Handelspartner f\u00fcr Sie und Ihre Projekte ausfindig zu machen.<\/em><\/h3>\n<h3><em>Wir werden gemeinsam erfolgreiche und rentable Kooperationen erschaffen.<\/em><\/h3>\n<h3><em>Unsere fundierte Betreuung wird Sie zum sicheren Erfolg f\u00fchren !<\/em><\/h3>\n<\/div><div class=\"fusion-clearfix\"><\/div><\/div><\/div><div class=\"fusion-layout-column fusion_builder_column fusion-builder-column-13 fusion_builder_column_1_2 1_2 fusion-one-half fusion-column-last\" style=\"width:48%;margin-top:0px;margin-bottom:20px;\"><div class=\"fusion-column-wrapper fusion-flex-column-wrapper-legacy\" style=\"background-position:left top;background-repeat:no-repeat;-webkit-background-size:cover;-moz-background-size:cover;-o-background-size:cover;background-size:cover;padding: 0px 0px 0px 0px;\"><span class=\" fusion-imageframe imageframe-none imageframe-5 hover-type-zoomin fusion-animated\" data-animationType=\"fadeInDown\" data-animationDuration=\"1\" data-animationOffset=\"top-into-view\"><a href=\"http:\/\/www.cwl.lu\/wp-content\/uploads\/2015\/02\/cwl-apropos-5.jpg\" class=\"fusion-lightbox\" data-rel=\"iLightbox[c0f7dc914850ef0b5eb]\"><img decoding=\"async\" src=\"http:\/\/www.cwl.lu\/wp-content\/uploads\/2015\/02\/cwl-apropos-5.jpg\" alt class=\"img-responsive\"\/><\/a><\/span><div class=\"fusion-clearfix\"><\/div><\/div><\/div><div class=\"fusion-layout-column fusion_builder_column fusion-builder-column-14 fusion_builder_column_1_1 1_1 fusion-one-full fusion-column-first fusion-column-last\" style=\"margin-top:70px;margin-bottom:20px;\" id=\"nominheight\"><div class=\"fusion-column-wrapper fusion-flex-column-wrapper-legacy\" style=\"background-position:left top;background-repeat:no-repeat;-webkit-background-size:cover;-moz-background-size:cover;-o-background-size:cover;background-size:cover;padding: 0px 0px 0px 0px;\"><div class=\"fusion-text fusion-text-14\"><h3 style=\"text-align: center; font-size: 30px;\">Folgende Handelspartner f\u00fchren wir unter der Bezeichnung \u00ab Grand Terroir Selection \u00bb :<\/h3>\n<\/div><div class=\"fusion-clearfix\"><\/div><\/div><\/div><div class=\"fusion-layout-column fusion_builder_column fusion-builder-column-15 fusion_builder_column_1_5 1_5 fusion-one-fifth fusion-column-first\" style=\"width:16.8%; margin-right: 4%;margin-top:0px;margin-bottom:20px;\"><div class=\"fusion-column-wrapper fusion-flex-column-wrapper-legacy\" style=\"background-position:left top;background-repeat:no-repeat;-webkit-background-size:cover;-moz-background-size:cover;-o-background-size:cover;background-size:cover;padding: 0px 0px 0px 0px;\"><span class=\" fusion-imageframe imageframe-none imageframe-6 hover-type-zoomin fusion-animated\" data-animationType=\"fadeInDown\" data-animationDuration=\"1\" data-animationOffset=\"top-into-view\"><a href=\"https:\/\/www.cwl.lu\/wp-content\/uploads\/2026\/02\/GTS-grand-terroir-seleciton-2026-300x175.png\" class=\"fusion-lightbox\" data-rel=\"iLightbox[0f727ab8a09aea42be7]\" data-title=\"GTS-grand-terroir-seleciton-2026\" title=\"GTS-grand-terroir-seleciton-2026\"><img decoding=\"async\" width=\"300\" height=\"175\" src=\"https:\/\/www.cwl.lu\/wp-content\/uploads\/2026\/02\/GTS-grand-terroir-seleciton-2026-300x175.png\" alt class=\"img-responsive wp-image-1494\" srcset=\"https:\/\/www.cwl.lu\/wp-content\/uploads\/2026\/02\/GTS-grand-terroir-seleciton-2026-200x117.png 200w, https:\/\/www.cwl.lu\/wp-content\/uploads\/2026\/02\/GTS-grand-terroir-seleciton-2026-400x234.png 400w, https:\/\/www.cwl.lu\/wp-content\/uploads\/2026\/02\/GTS-grand-terroir-seleciton-2026.png 500w\" sizes=\"(max-width: 800px) 100vw, 400px\" \/><\/a><\/span><div class=\"fusion-clearfix\"><\/div><\/div><\/div><\/div><\/div><\/p>\n","protected":false},"excerpt":{"rendered":"","protected":false},"author":1,"featured_media":0,"parent":0,"menu_order":0,"comment_status":"closed","ping_status":"closed","template":"100-width.php","meta":{"inline_featured_image":false,"footnotes":""},"class_list":["post-1088","page","type-page","status-publish","hentry"],"yoast_head":"<!-- This site is optimized with the Yoast SEO plugin v25.5 - https:\/\/yoast.com\/wordpress\/plugins\/seo\/ -->\n<title>Wir \u00fcber uns - CWL S.\u00e0.r.l.<\/title>\n<meta name=\"robots\" content=\"index, follow, max-snippet:-1, max-image-preview:large, max-video-preview:-1\" \/>\n<link rel=\"canonical\" href=\"https:\/\/www.cwl.lu\/de\/a-notre-propos\/\" \/>\n<meta property=\"og:locale\" content=\"de_DE\" \/>\n<meta property=\"og:type\" content=\"article\" \/>\n<meta property=\"og:title\" content=\"Wir \u00fcber uns - CWL S.\u00e0.r.l.\" \/>\n<meta property=\"og:url\" content=\"https:\/\/www.cwl.lu\/de\/a-notre-propos\/\" \/>\n<meta property=\"og:site_name\" content=\"CWL S.\u00e0.r.l.\" \/>\n<meta property=\"article:modified_time\" content=\"2026-02-10T10:23:34+00:00\" \/>\n<meta property=\"og:image\" content=\"http:\/\/www.cwl.lu\/wp-content\/uploads\/2015\/02\/cwl-apropos-2.jpg\" \/>\n<meta name=\"twitter:card\" content=\"summary_large_image\" \/>\n<meta name=\"twitter:label1\" content=\"Gesch\u00e4tzte Lesezeit\" \/>\n\t<meta name=\"twitter:data1\" content=\"8\u00a0Minuten\" \/>\n<script type=\"application\/ld+json\" class=\"yoast-schema-graph\">{\"@context\":\"https:\/\/schema.org\",\"@graph\":[{\"@type\":\"WebPage\",\"@id\":\"https:\/\/www.cwl.lu\/de\/a-notre-propos\/\",\"url\":\"https:\/\/www.cwl.lu\/de\/a-notre-propos\/\",\"name\":\"Wir \u00fcber uns - CWL S.\u00e0.r.l.\",\"isPartOf\":{\"@id\":\"https:\/\/www.cwl.lu\/#website\"},\"primaryImageOfPage\":{\"@id\":\"https:\/\/www.cwl.lu\/de\/a-notre-propos\/#primaryimage\"},\"image\":{\"@id\":\"https:\/\/www.cwl.lu\/de\/a-notre-propos\/#primaryimage\"},\"thumbnailUrl\":\"http:\/\/www.cwl.lu\/wp-content\/uploads\/2015\/02\/cwl-apropos-2.jpg\",\"datePublished\":\"2015-02-10T19:21:19+00:00\",\"dateModified\":\"2026-02-10T10:23:34+00:00\",\"breadcrumb\":{\"@id\":\"https:\/\/www.cwl.lu\/de\/a-notre-propos\/#breadcrumb\"},\"inLanguage\":\"de\",\"potentialAction\":[{\"@type\":\"ReadAction\",\"target\":[\"https:\/\/www.cwl.lu\/de\/a-notre-propos\/\"]}]},{\"@type\":\"ImageObject\",\"inLanguage\":\"de\",\"@id\":\"https:\/\/www.cwl.lu\/de\/a-notre-propos\/#primaryimage\",\"url\":\"http:\/\/www.cwl.lu\/wp-content\/uploads\/2015\/02\/cwl-apropos-2.jpg\",\"contentUrl\":\"http:\/\/www.cwl.lu\/wp-content\/uploads\/2015\/02\/cwl-apropos-2.jpg\"},{\"@type\":\"BreadcrumbList\",\"@id\":\"https:\/\/www.cwl.lu\/de\/a-notre-propos\/#breadcrumb\",\"itemListElement\":[{\"@type\":\"ListItem\",\"position\":1,\"name\":\"Startseite\",\"item\":\"https:\/\/www.cwl.lu\/de\/\"},{\"@type\":\"ListItem\",\"position\":2,\"name\":\"Wir \u00fcber uns\"}]},{\"@type\":\"WebSite\",\"@id\":\"https:\/\/www.cwl.lu\/#website\",\"url\":\"https:\/\/www.cwl.lu\/\",\"name\":\"CWL S.\u00e0.r.l.\",\"description\":\"We open the gateways to new markets for you\",\"potentialAction\":[{\"@type\":\"SearchAction\",\"target\":{\"@type\":\"EntryPoint\",\"urlTemplate\":\"https:\/\/www.cwl.lu\/?s={search_term_string}\"},\"query-input\":{\"@type\":\"PropertyValueSpecification\",\"valueRequired\":true,\"valueName\":\"search_term_string\"}}],\"inLanguage\":\"de\"}]}<\/script>\n<!-- \/ Yoast SEO plugin. -->","yoast_head_json":{"title":"Wir \u00fcber uns - CWL S.\u00e0.r.l.","robots":{"index":"index","follow":"follow","max-snippet":"max-snippet:-1","max-image-preview":"max-image-preview:large","max-video-preview":"max-video-preview:-1"},"canonical":"https:\/\/www.cwl.lu\/de\/a-notre-propos\/","og_locale":"de_DE","og_type":"article","og_title":"Wir \u00fcber uns - CWL S.\u00e0.r.l.","og_url":"https:\/\/www.cwl.lu\/de\/a-notre-propos\/","og_site_name":"CWL S.\u00e0.r.l.","article_modified_time":"2026-02-10T10:23:34+00:00","og_image":[{"url":"http:\/\/www.cwl.lu\/wp-content\/uploads\/2015\/02\/cwl-apropos-2.jpg","type":"","width":"","height":""}],"twitter_card":"summary_large_image","twitter_misc":{"Gesch\u00e4tzte Lesezeit":"8\u00a0Minuten"},"schema":{"@context":"https:\/\/schema.org","@graph":[{"@type":"WebPage","@id":"https:\/\/www.cwl.lu\/de\/a-notre-propos\/","url":"https:\/\/www.cwl.lu\/de\/a-notre-propos\/","name":"Wir \u00fcber uns - CWL S.\u00e0.r.l.","isPartOf":{"@id":"https:\/\/www.cwl.lu\/#website"},"primaryImageOfPage":{"@id":"https:\/\/www.cwl.lu\/de\/a-notre-propos\/#primaryimage"},"image":{"@id":"https:\/\/www.cwl.lu\/de\/a-notre-propos\/#primaryimage"},"thumbnailUrl":"http:\/\/www.cwl.lu\/wp-content\/uploads\/2015\/02\/cwl-apropos-2.jpg","datePublished":"2015-02-10T19:21:19+00:00","dateModified":"2026-02-10T10:23:34+00:00","breadcrumb":{"@id":"https:\/\/www.cwl.lu\/de\/a-notre-propos\/#breadcrumb"},"inLanguage":"de","potentialAction":[{"@type":"ReadAction","target":["https:\/\/www.cwl.lu\/de\/a-notre-propos\/"]}]},{"@type":"ImageObject","inLanguage":"de","@id":"https:\/\/www.cwl.lu\/de\/a-notre-propos\/#primaryimage","url":"http:\/\/www.cwl.lu\/wp-content\/uploads\/2015\/02\/cwl-apropos-2.jpg","contentUrl":"http:\/\/www.cwl.lu\/wp-content\/uploads\/2015\/02\/cwl-apropos-2.jpg"},{"@type":"BreadcrumbList","@id":"https:\/\/www.cwl.lu\/de\/a-notre-propos\/#breadcrumb","itemListElement":[{"@type":"ListItem","position":1,"name":"Startseite","item":"https:\/\/www.cwl.lu\/de\/"},{"@type":"ListItem","position":2,"name":"Wir \u00fcber uns"}]},{"@type":"WebSite","@id":"https:\/\/www.cwl.lu\/#website","url":"https:\/\/www.cwl.lu\/","name":"CWL S.\u00e0.r.l.","description":"We open the gateways to new markets for you","potentialAction":[{"@type":"SearchAction","target":{"@type":"EntryPoint","urlTemplate":"https:\/\/www.cwl.lu\/?s={search_term_string}"},"query-input":{"@type":"PropertyValueSpecification","valueRequired":true,"valueName":"search_term_string"}}],"inLanguage":"de"}]}},"_links":{"self":[{"href":"https:\/\/www.cwl.lu\/de\/wp-json\/wp\/v2\/pages\/1088","targetHints":{"allow":["GET"]}}],"collection":[{"href":"https:\/\/www.cwl.lu\/de\/wp-json\/wp\/v2\/pages"}],"about":[{"href":"https:\/\/www.cwl.lu\/de\/wp-json\/wp\/v2\/types\/page"}],"author":[{"embeddable":true,"href":"https:\/\/www.cwl.lu\/de\/wp-json\/wp\/v2\/users\/1"}],"replies":[{"embeddable":true,"href":"https:\/\/www.cwl.lu\/de\/wp-json\/wp\/v2\/comments?post=1088"}],"version-history":[{"count":14,"href":"https:\/\/www.cwl.lu\/de\/wp-json\/wp\/v2\/pages\/1088\/revisions"}],"predecessor-version":[{"id":1497,"href":"https:\/\/www.cwl.lu\/de\/wp-json\/wp\/v2\/pages\/1088\/revisions\/1497"}],"wp:attachment":[{"href":"https:\/\/www.cwl.lu\/de\/wp-json\/wp\/v2\/media?parent=1088"}],"curies":[{"name":"wp","href":"https:\/\/api.w.org\/{rel}","templated":true}]}}