{"id":719,"date":"2015-06-29T23:01:13","date_gmt":"2015-06-29T23:01:13","guid":{"rendered":"http:\/\/www.matijal.lu\/en\/?page_id=719"},"modified":"2022-09-29T09:10:47","modified_gmt":"2022-09-29T07:10:47","slug":"presse","status":"publish","type":"page","link":"https:\/\/www.cwl.lu\/en\/presse\/","title":{"rendered":"Press"},"content":{"rendered":"<div class=\"fusion-fullwidth fullwidth-box fusion-builder-row-1 hundred-percent-fullwidth non-hundred-percent-height-scrolling\" style=\"background-color: rgba(255,255,255,0);background-position: center center;background-repeat: no-repeat;padding-top:0px;padding-right:0px;padding-bottom:0px;padding-left:0px;margin-bottom: 0px;margin-top: 0px;border-width: 0px 0px 0px 0px;border-color:#eae9e9;border-style:solid;\" ><div class=\"fusion-builder-row fusion-row\"><div class=\"fusion-layout-column fusion_builder_column fusion-builder-column-0 fusion_builder_column_1_1 1_1 fusion-one-full fusion-column-first fusion-column-last fusion-column-no-min-height\" style=\"margin-top:0px;margin-bottom:0px;\"><div class=\"fusion-column-wrapper fusion-flex-column-wrapper-legacy\" style=\"background-position:left top;background-repeat:no-repeat;-webkit-background-size:cover;-moz-background-size:cover;-o-background-size:cover;background-size:cover;padding: 0px 0px 0px 0px;\"><div class=\"fusion-blog-shortcode fusion-blog-shortcode-1 fusion-blog-archive fusion-blog-layout-medium fusion-blog-pagination\"><div class=\"fusion-posts-container fusion-posts-container-pagination fusion-blog-rollover\" data-pages=\"1\"><article id=\"blog-1-post-1152\" class=\"fusion-post-medium post-1152 post type-post status-publish format-standard hentry category-press category-unkategorisiert\">\n\t<style type=\"text\/css\">\n\t\t\n\t\t\n\t\t\n\t\t\n\t\t\t<\/style>\n\n\n<div class=\"fusion-post-content post-content\"><h2 class=\"blog-shortcode-post-title entry-title\"><a href=\"https:\/\/www.cwl.lu\/en\/2015\/06\/30\/structural-perfection\/\">Bordeaux: un mill\u00e9sime 2015 \u00abexceptionnel\u00bb<\/a><\/h2><div class=\"fusion-post-content-container\"><p>Bordeaux: un mill\u00e9sime 2015 \u00abexceptionnel\u00bb 2015 est un tr\u00e8s grand mill\u00e9sime pour les vins de Bordeaux, qui devrait relancer les affaires apr\u00e8s un 2013 de pauvre facture et de faible quantit\u00e9 et un 2014 classique. [...]<\/p><\/div><\/div><div class=\"fusion-clearfix\"><\/div><div class=\"fusion-meta-info\"><div class=\"fusion-alignleft\">By <span class=\"vcard\"><span class=\"fn\"><a href=\"https:\/\/www.cwl.lu\/en\/author\/wp_admin\/\" title=\"Posts by wp_admin\" rel=\"author\">wp_admin<\/a><\/span><\/span><span class=\"fusion-inline-sep\">|<\/span><span class=\"updated\" style=\"display:none;\">2022-09-29T09:10:48+02:00<\/span><span>June 30th, 2015<\/span><span class=\"fusion-inline-sep\">|<\/span>Categories: <a href=\"https:\/\/www.cwl.lu\/en\/category\/press\/\" rel=\"category tag\">Press<\/a>, <a href=\"https:\/\/www.cwl.lu\/de\/category\/unkategorisiert\/\" rel=\"category tag\">Unkategorisiert<\/a><span class=\"fusion-inline-sep\">|<\/span><\/div><div class=\"fusion-alignright\"><a class=\"fusion-read-more\" href=\"https:\/\/www.cwl.lu\/en\/2015\/06\/30\/structural-perfection\/\" aria-label=\"More on Bordeaux: un mill\u00e9sime 2015 \u00abexceptionnel\u00bb\">Read More<\/a><\/div><\/div><\/article>\n<\/div><\/div><div class=\"fusion-clearfix\"><\/div><\/div><\/div><\/div><style type=\"text\/css\">.fusion-fullwidth.fusion-builder-row-1 { overflow:visible; }<\/style><\/div>\n","protected":false},"excerpt":{"rendered":"","protected":false},"author":1,"featured_media":0,"parent":0,"menu_order":0,"comment_status":"closed","ping_status":"closed","template":"","meta":{"inline_featured_image":false,"footnotes":""},"class_list":["post-719","page","type-page","status-publish","hentry"],"yoast_head":"<!-- This site is optimized with the Yoast SEO plugin v25.5 - https:\/\/yoast.com\/wordpress\/plugins\/seo\/ -->\n<title>Press - CWL S.\u00e0.r.l.<\/title>\n<meta name=\"robots\" content=\"index, follow, max-snippet:-1, max-image-preview:large, max-video-preview:-1\" \/>\n<link rel=\"canonical\" href=\"https:\/\/www.cwl.lu\/en\/presse\/\" \/>\n<meta property=\"og:locale\" content=\"en_US\" \/>\n<meta property=\"og:type\" content=\"article\" \/>\n<meta property=\"og:title\" content=\"Press - CWL S.\u00e0.r.l.\" \/>\n<meta property=\"og:url\" content=\"https:\/\/www.cwl.lu\/en\/presse\/\" \/>\n<meta property=\"og:site_name\" content=\"CWL S.\u00e0.r.l.\" \/>\n<meta property=\"article:modified_time\" content=\"2022-09-29T07:10:47+00:00\" \/>\n<meta name=\"twitter:card\" content=\"summary_large_image\" \/>\n<meta name=\"twitter:label1\" content=\"Est. reading time\" \/>\n\t<meta name=\"twitter:data1\" content=\"1 minute\" \/>\n<script type=\"application\/ld+json\" class=\"yoast-schema-graph\">{\"@context\":\"https:\/\/schema.org\",\"@graph\":[{\"@type\":\"WebPage\",\"@id\":\"https:\/\/www.cwl.lu\/en\/presse\/\",\"url\":\"https:\/\/www.cwl.lu\/en\/presse\/\",\"name\":\"Press - CWL S.\u00e0.r.l.\",\"isPartOf\":{\"@id\":\"https:\/\/www.cwl.lu\/#website\"},\"datePublished\":\"2015-06-29T23:01:13+00:00\",\"dateModified\":\"2022-09-29T07:10:47+00:00\",\"breadcrumb\":{\"@id\":\"https:\/\/www.cwl.lu\/en\/presse\/#breadcrumb\"},\"inLanguage\":\"en-US\",\"potentialAction\":[{\"@type\":\"ReadAction\",\"target\":[\"https:\/\/www.cwl.lu\/en\/presse\/\"]}]},{\"@type\":\"BreadcrumbList\",\"@id\":\"https:\/\/www.cwl.lu\/en\/presse\/#breadcrumb\",\"itemListElement\":[{\"@type\":\"ListItem\",\"position\":1,\"name\":\"Home\",\"item\":\"https:\/\/www.cwl.lu\/en\/\"},{\"@type\":\"ListItem\",\"position\":2,\"name\":\"Press\"}]},{\"@type\":\"WebSite\",\"@id\":\"https:\/\/www.cwl.lu\/#website\",\"url\":\"https:\/\/www.cwl.lu\/\",\"name\":\"CWL S.\u00e0.r.l.\",\"description\":\"We open the gateways to new markets for you\",\"potentialAction\":[{\"@type\":\"SearchAction\",\"target\":{\"@type\":\"EntryPoint\",\"urlTemplate\":\"https:\/\/www.cwl.lu\/?s={search_term_string}\"},\"query-input\":{\"@type\":\"PropertyValueSpecification\",\"valueRequired\":true,\"valueName\":\"search_term_string\"}}],\"inLanguage\":\"en-US\"}]}<\/script>\n<!-- \/ Yoast SEO plugin. -->","yoast_head_json":{"title":"Press - CWL S.\u00e0.r.l.","robots":{"index":"index","follow":"follow","max-snippet":"max-snippet:-1","max-image-preview":"max-image-preview:large","max-video-preview":"max-video-preview:-1"},"canonical":"https:\/\/www.cwl.lu\/en\/presse\/","og_locale":"en_US","og_type":"article","og_title":"Press - CWL S.\u00e0.r.l.","og_url":"https:\/\/www.cwl.lu\/en\/presse\/","og_site_name":"CWL S.\u00e0.r.l.","article_modified_time":"2022-09-29T07:10:47+00:00","twitter_card":"summary_large_image","twitter_misc":{"Est. reading time":"1 minute"},"schema":{"@context":"https:\/\/schema.org","@graph":[{"@type":"WebPage","@id":"https:\/\/www.cwl.lu\/en\/presse\/","url":"https:\/\/www.cwl.lu\/en\/presse\/","name":"Press - CWL S.\u00e0.r.l.","isPartOf":{"@id":"https:\/\/www.cwl.lu\/#website"},"datePublished":"2015-06-29T23:01:13+00:00","dateModified":"2022-09-29T07:10:47+00:00","breadcrumb":{"@id":"https:\/\/www.cwl.lu\/en\/presse\/#breadcrumb"},"inLanguage":"en-US","potentialAction":[{"@type":"ReadAction","target":["https:\/\/www.cwl.lu\/en\/presse\/"]}]},{"@type":"BreadcrumbList","@id":"https:\/\/www.cwl.lu\/en\/presse\/#breadcrumb","itemListElement":[{"@type":"ListItem","position":1,"name":"Home","item":"https:\/\/www.cwl.lu\/en\/"},{"@type":"ListItem","position":2,"name":"Press"}]},{"@type":"WebSite","@id":"https:\/\/www.cwl.lu\/#website","url":"https:\/\/www.cwl.lu\/","name":"CWL S.\u00e0.r.l.","description":"We open the gateways to new markets for you","potentialAction":[{"@type":"SearchAction","target":{"@type":"EntryPoint","urlTemplate":"https:\/\/www.cwl.lu\/?s={search_term_string}"},"query-input":{"@type":"PropertyValueSpecification","valueRequired":true,"valueName":"search_term_string"}}],"inLanguage":"en-US"}]}},"_links":{"self":[{"href":"https:\/\/www.cwl.lu\/en\/wp-json\/wp\/v2\/pages\/719","targetHints":{"allow":["GET"]}}],"collection":[{"href":"https:\/\/www.cwl.lu\/en\/wp-json\/wp\/v2\/pages"}],"about":[{"href":"https:\/\/www.cwl.lu\/en\/wp-json\/wp\/v2\/types\/page"}],"author":[{"embeddable":true,"href":"https:\/\/www.cwl.lu\/en\/wp-json\/wp\/v2\/users\/1"}],"replies":[{"embeddable":true,"href":"https:\/\/www.cwl.lu\/en\/wp-json\/wp\/v2\/comments?post=719"}],"version-history":[{"count":6,"href":"https:\/\/www.cwl.lu\/en\/wp-json\/wp\/v2\/pages\/719\/revisions"}],"predecessor-version":[{"id":1178,"href":"https:\/\/www.cwl.lu\/en\/wp-json\/wp\/v2\/pages\/719\/revisions\/1178"}],"wp:attachment":[{"href":"https:\/\/www.cwl.lu\/en\/wp-json\/wp\/v2\/media?parent=719"}],"curies":[{"name":"wp","href":"https:\/\/api.w.org\/{rel}","templated":true}]}}